{"id":42,"date":"2016-02-10T09:51:47","date_gmt":"2016-02-10T08:51:47","guid":{"rendered":"http:\/\/anesthesie-foch.org\/?page_id=42"},"modified":"2020-03-29T19:20:31","modified_gmt":"2020-03-29T18:20:31","slug":"le-service","status":"publish","type":"page","link":"https:\/\/rea.hopital-foch.com\/?page_id=42","title":{"rendered":"Le service de r\u00e9animation Polyvalente"},"content":{"rendered":"<p>[vc_row][vc_column][vc_column_text]<\/p>\n<h4><strong><span style=\"color: #007dbe;\">Le service de R\u00e9animation Polyvalente de l\u2019h\u00f4pital Foch est situ\u00e9 au niveau -1 du b\u00e2timent M.<\/span><\/strong><br \/>\n<strong><span style=\"color: #007dbe;\"> Il comporte 14 lits de R\u00e9animation et 8 lits de Surveillance Continue Polyvalente et Soins Intensifs Neurochirurgicaux.<\/span><\/strong><\/h4>\n<p>[\/vc_column_text][\/vc_column][\/vc_row][vc_row gap=\u00a0\u00bb20&Prime;][vc_column width=\u00a0\u00bb1\/2&Prime;][vc_column_text]<\/p>\n<h3><strong><span style=\"color: #004b7d;\">Les missions de soins principales du service sont\u00a0:<\/span><\/strong><\/h3>\n<ul>\n<li><strong><span style=\"color: #000000;\">R\u00e9pondre aux demandes des services cliniques de l\u2019h\u00f4pital, y compris le Service d\u2019accueil des urgences<\/span><\/strong><\/li>\n<li><strong><span style=\"color: #000000;\">L\u2019accueil des urgences neurochirurgicales et neurovasculaires<\/span><\/strong><\/li>\n<li><strong><span style=\"color: #000000;\">La prise en charge des transplant\u00e9s pulmonaires<\/span><\/strong><\/li>\n<li><strong><span style=\"color: #000000;\">Exercer la fonction d\u2019h\u00f4pital de recours pour les structures voisines ne disposant pas d\u2019une r\u00e9animation<\/span><\/strong><\/li>\n<li><strong><span style=\"color: #000000;\">L\u2019accueil des patients pris en charge par les \u00e9quipes mobiles d\u2019urgence et de r\u00e9animation (Smur)<\/span><\/strong><\/li>\n<\/ul>\n<p>[\/vc_column_text][\/vc_column][vc_column width=\u00a0\u00bb1\/2&Prime;][vc_column_text]<\/p>\n<h3><strong><span style=\"color: #004b7d;\">Par ailleurs les \u00e9quipes m\u00e9dicale et param\u00e9dicale d\u00e9veloppent une activit\u00e9 d\u2019enseignement autour de 4 axes\u00a0:<\/span><\/strong><\/h3>\n<ul>\n<li><strong><span style=\"color: #000000;\">Formation pratique des internes en M\u00e9decine, agr\u00e9ments DES d\u2019Anesth\u00e9sie-R\u00e9animation, DESC de R\u00e9animation m\u00e9dicale, DESC de M\u00e9decine d\u2019urgence<\/span><\/strong><\/li>\n<li><strong><span style=\"color: #000000;\">Terrain de stage pour les \u00e9tudiants hospitaliers de l\u2019UFR des Sciences de la Sant\u00e9 Simone Veil \u2013 Universit\u00e9 de Versailles Saint-Quentin-en-Yvelines<\/span><\/strong><\/li>\n<li><strong><span style=\"color: #000000;\">D\u00e9veloppement de la formation continue m\u00e9dicale et para-m\u00e9dicale en M\u00e9decine intensive, R\u00e9animation et M\u00e9decine d\u2019Urgence dans le cadre de la simulation haute-fid\u00e9lit\u00e9<\/span><\/strong><\/li>\n<li><strong><span style=\"color: #000000;\">Enfin notre service est \u00e0 l\u2019origine de la cr\u00e9ation du Dipl\u00f4me d\u2019Universit\u00e9 \u00ab\u00a0Soins Infirmiers en R\u00e9animation\u00a0\u00bb en partenariat avec de nombreux h\u00f4pitaux de l\u2019ouest parisien<\/span><\/strong><\/li>\n<\/ul>\n<p>[\/vc_column_text][\/vc_column][\/vc_row][vc_row][vc_column][vc_column_text]\n\t\t<!-- MasterSlider -->\n\t\t<div id=\"P_MS6a007db648e03\" class=\"master-slider-parent msl ms-staff-carousel ms-round ms-parent-id-8\" style=\"max-width:1000px;\"  >\n\n\t\t\t\n\t\t\t<!-- MasterSlider Main -->\n\t\t\t<div id=\"MS6a007db648e03\" class=\"master-slider ms-skin-default\" >\n\t\t\t\t \t\t\t\t \n\t\t\t\t<div  class=\"ms-slide\" data-delay=\"3\" data-fill-mode=\"fill\"  >\n\t\t\t\t\t<img src=\"https:\/\/rea.hopital-foch.com\/wp-content\/plugins\/master-slider\/public\/assets\/css\/blank.gif\" alt=\"\" title=\"\" data-src=\"https:\/\/rea.hopital-foch.com\/wp-content\/uploads\/2017\/02\/1_RG08833-300x300-1.jpg\" \/>\n\n\t\t\t\t\t<div class=\"ms-info\"><h4 class=\"vc_custom_heading\" style=\"text-align: center;\">Docteur Charles CERF<\/h4><p class=\"vc_custom_heading\" style=\"text-align: center;\">CHEF DE SERVICE<\/p><\/div>\n\n\n\t<div class=\"ms-thumb\" ><div class=\"ms-tab-context\"><div class=&quot;ms-tab-context&quot;><\/div><\/div>\n<\/div>\n\t\t\t\t<\/div>\n\t\t\t\t<div  class=\"ms-slide\" data-delay=\"3\" data-fill-mode=\"fill\"  >\n\t\t\t\t\t<img src=\"https:\/\/rea.hopital-foch.com\/wp-content\/plugins\/master-slider\/public\/assets\/css\/blank.gif\" alt=\"\" title=\"\" data-src=\"https:\/\/rea.hopital-foch.com\/wp-content\/uploads\/2017\/02\/1_RG08819-300x300-1.jpg\" \/>\n\n\t\t\t\t\t<div class=\"ms-info\"><h4 class=\"vc_custom_heading\" style=\"text-align: center;\">David CORTIER<\/h4><div style=\"text-align: center;\">M\u00e9decin<\/div><\/div>\n\n\n\t<div class=\"ms-thumb\" ><div class=\"ms-tab-context\"><div class=&quot;ms-tab-context&quot;><\/div><\/div>\n<\/div>\n\t\t\t\t<\/div>\n\t\t\t\t<div  class=\"ms-slide\" data-delay=\"3\" data-fill-mode=\"fill\"  >\n\t\t\t\t\t<img src=\"https:\/\/rea.hopital-foch.com\/wp-content\/plugins\/master-slider\/public\/assets\/css\/blank.gif\" alt=\"\" title=\"\" data-src=\"https:\/\/rea.hopital-foch.com\/wp-content\/uploads\/2016\/09\/SITE-REA-11.jpg\" \/>\n\n\t\t\t\t\t<div class=\"ms-info\"><h4 class=\"vc_custom_heading\" style=\"text-align: center;\">J\u00e9r\u00f4me DEVAQUET<\/h4><div style=\"text-align: center;\">M\u00e9decin<\/div><\/div>\n\n\n\t<div class=\"ms-thumb\" ><div class=\"ms-tab-context\"><div class=&quot;ms-tab-context&quot;><\/div><\/div>\n<\/div>\n\t\t\t\t<\/div>\n\t\t\t\t<div  class=\"ms-slide\" data-delay=\"3\" data-fill-mode=\"fill\"  >\n\t\t\t\t\t<img src=\"https:\/\/rea.hopital-foch.com\/wp-content\/plugins\/master-slider\/public\/assets\/css\/blank.gif\" alt=\"\" title=\"\" data-src=\"https:\/\/rea.hopital-foch.com\/wp-content\/uploads\/2018\/07\/Richard-Galliot.jpg\" \/>\n\n\t\t\t\t\t<div class=\"ms-info\"><h4 class=\"vc_custom_heading\" style=\"text-align: center;\">Richard GALLIOT<\/h4><div style=\"text-align: center;\">M\u00e9decin<\/div><\/div>\n\n\n\t<div class=\"ms-thumb\" ><div class=\"ms-tab-context\"><div class=&quot;ms-tab-context&quot;><\/div><\/div>\n<\/div>\n\t\t\t\t<\/div>\n\t\t\t\t<div  class=\"ms-slide\" data-delay=\"3\" data-fill-mode=\"fill\"  >\n\t\t\t\t\t<img src=\"https:\/\/rea.hopital-foch.com\/wp-content\/plugins\/master-slider\/public\/assets\/css\/blank.gif\" alt=\"\" title=\"\" data-src=\"https:\/\/rea.hopital-foch.com\/wp-content\/uploads\/2017\/02\/1_RG08853-300x300-1.jpg\" \/>\n\n\t\t\t\t\t<div class=\"ms-info\"><h4 class=\"vc_custom_heading\" style=\"text-align: center;\">Antony LANCELEUR<\/h4><div style=\"text-align: center;\">M\u00e9decin<\/div><\/div>\n\n\n\t<div class=\"ms-thumb\" ><div class=\"ms-tab-context\"><div class=&quot;ms-tab-context&quot;><\/div><\/div>\n<\/div>\n\t\t\t\t<\/div>\n\t\t\t\t<div  class=\"ms-slide\" data-delay=\"3\" data-fill-mode=\"fill\"  >\n\t\t\t\t\t<img src=\"https:\/\/rea.hopital-foch.com\/wp-content\/plugins\/master-slider\/public\/assets\/css\/blank.gif\" alt=\"\" title=\"\" data-src=\"https:\/\/rea.hopital-foch.com\/wp-content\/uploads\/2019\/01\/MNB.png\" \/>\n\n\t\t\t\t\t<div class=\"ms-info\"><h4 class=\"vc_custom_heading\" style=\"text-align: center;\">Mathilde NEUVILLE<\/h4><div style=\"text-align: center;\">M\u00e9decin<\/div><\/div>\n\n\n\t<div class=\"ms-thumb\" ><div class=\"ms-tab-context\"><div class=&quot;ms-tab-context&quot;><\/div><\/div>\n<\/div>\n\t\t\t\t<\/div>\n\t\t\t\t<div  class=\"ms-slide\" data-delay=\"3\" data-fill-mode=\"fit\"  >\n\t\t\t\t\t<img src=\"https:\/\/rea.hopital-foch.com\/wp-content\/plugins\/master-slider\/public\/assets\/css\/blank.gif\" alt=\"\" title=\"\" data-src=\"https:\/\/rea.hopital-foch.com\/wp-content\/uploads\/2019\/10\/Isabelle.png\" \/>\n\n\t\t\t\t\t<div class=\"ms-info\"><h4 class=\"vc_custom_heading\" style=\"text-align: center;\">Isabelle PRIOUR<\/h4><div style=\"text-align: center;\">M\u00e9decin<\/div><\/div>\n\n\n\t<div class=\"ms-thumb\" ><div class=\"ms-tab-context\"><div class=&quot;ms-tab-context&quot;><\/div><\/div>\n<\/div>\n\t\t\t\t<\/div>\n\t\t\t\t<div  class=\"ms-slide\" data-delay=\"3\" data-fill-mode=\"fill\"  >\n\t\t\t\t\t<img src=\"https:\/\/rea.hopital-foch.com\/wp-content\/plugins\/master-slider\/public\/assets\/css\/blank.gif\" alt=\"\" title=\"\" data-src=\"https:\/\/rea.hopital-foch.com\/wp-content\/uploads\/2016\/09\/SITE-REA-11.jpg\" \/>\n\n\t\t\t\t\t<div class=\"ms-info\"><h4 class=\"vc_custom_heading\" style=\"text-align: center;\">Anne-Ga\u00eblle SI LARBI<\/h4><div style=\"text-align: center;\">M\u00e9decin<\/div><\/div>\n\n\n\t<div class=\"ms-thumb\" ><div class=\"ms-tab-context\"><div class=&quot;ms-tab-context&quot;><\/div><\/div>\n<\/div>\n\t\t\t\t<\/div>\n\t\t\t\t<div  class=\"ms-slide\" data-delay=\"3\" data-fill-mode=\"fill\"  >\n\t\t\t\t\t<img src=\"https:\/\/rea.hopital-foch.com\/wp-content\/plugins\/master-slider\/public\/assets\/css\/blank.gif\" alt=\"\" title=\"\" data-src=\"https:\/\/rea.hopital-foch.com\/wp-content\/uploads\/2018\/07\/Tachon.jpg\" \/>\n\n\t\t\t\t\t<div class=\"ms-info\"><h4 class=\"vc_custom_heading\" style=\"text-align: center;\">Guillaume TACHON<\/h4><div style=\"text-align: center;\">M\u00e9decin<\/div><\/div>\n\n\n\t<div class=\"ms-thumb\" ><div class=\"ms-tab-context\"><div class=&quot;ms-tab-context&quot;><\/div><\/div>\n<\/div>\n\t\t\t\t<\/div>\n\t\t\t\t<div  class=\"ms-slide\" data-delay=\"3\" data-fill-mode=\"fill\"  >\n\t\t\t\t\t<img src=\"https:\/\/rea.hopital-foch.com\/wp-content\/plugins\/master-slider\/public\/assets\/css\/blank.gif\" alt=\"\" title=\"\" data-src=\"https:\/\/rea.hopital-foch.com\/wp-content\/uploads\/2018\/07\/Benjamin-zuber.jpg\" \/>\n\n\t\t\t\t\t<div class=\"ms-info\"><h4 class=\"vc_custom_heading\" style=\"text-align: center;\">Benjamin ZUBER<\/h4><div style=\"text-align: center;\">M\u00e9decin<\/div><\/div>\n\n\n\t<div class=\"ms-thumb\" ><div class=\"ms-tab-context\"><div class=&quot;ms-tab-context&quot;><\/div><\/div>\n<\/div>\n\t\t\t\t<\/div>\n\t\t\t\t<div  class=\"ms-slide\" data-delay=\"3\" data-fill-mode=\"fill\"  >\n\t\t\t\t\t<img src=\"https:\/\/rea.hopital-foch.com\/wp-content\/plugins\/master-slider\/public\/assets\/css\/blank.gif\" alt=\"\" title=\"\" data-src=\"https:\/\/rea.hopital-foch.com\/wp-content\/uploads\/2016\/09\/SITE-REA-11.jpg\" \/>\n\n\t\t\t\t\t<div class=\"ms-info\"><h4 class=\"vc_custom_heading\" style=\"text-align: center;\">Julia EGBEOLA<\/h4><div style=\"text-align: center;\">M\u00e9decin<\/div><\/div>\n\n\n\t<div class=\"ms-thumb\" ><div class=\"ms-tab-context\"><div class=&quot;ms-tab-context&quot;><\/div><\/div>\n<\/div>\n\t\t\t\t<\/div>\n\t\t\t\t<div  class=\"ms-slide\" data-delay=\"3\" data-fill-mode=\"fill\"  >\n\t\t\t\t\t<img src=\"https:\/\/rea.hopital-foch.com\/wp-content\/plugins\/master-slider\/public\/assets\/css\/blank.gif\" alt=\"\" title=\"\" data-src=\"https:\/\/rea.hopital-foch.com\/wp-content\/uploads\/2016\/09\/SITE-REA-11.jpg\" \/>\n\n\t\t\t\t\t<div class=\"ms-info\"><h4 class=\"vc_custom_heading\" style=\"text-align: center;\">C\u00e9line SORZIO-ZELY<\/h4><div style=\"text-align: center;\">Cadre de sant\u00e9<\/div><\/div>\n\n\n\t<div class=\"ms-thumb\" ><div class=\"ms-tab-context\"><div class=&quot;ms-tab-context&quot;><\/div><\/div>\n<\/div>\n\t\t\t\t<\/div>\n\t\t\t\t<div  class=\"ms-slide\" data-delay=\"3\" data-fill-mode=\"fill\"  >\n\t\t\t\t\t<img src=\"https:\/\/rea.hopital-foch.com\/wp-content\/plugins\/master-slider\/public\/assets\/css\/blank.gif\" alt=\"\" title=\"\" data-src=\"https:\/\/rea.hopital-foch.com\/wp-content\/uploads\/2016\/09\/SITE-REA-11.jpg\" \/>\n\n\t\t\t\t\t<div class=\"ms-info\"><h4 class=\"vc_custom_heading\" style=\"text-align: center;\">Christelle ESCUDIER<\/h4><div style=\"text-align: center;\">Infirmi\u00e8re Coordinatrice<\/div><\/div>\n\n\n\t<div class=\"ms-thumb\" ><div class=\"ms-tab-context\"><div class=&quot;ms-tab-context&quot;><\/div><\/div>\n<\/div>\n\t\t\t\t<\/div>\n\t\t\t\t<div  class=\"ms-slide\" data-delay=\"3\" data-fill-mode=\"fill\"  >\n\t\t\t\t\t<img src=\"https:\/\/rea.hopital-foch.com\/wp-content\/plugins\/master-slider\/public\/assets\/css\/blank.gif\" alt=\"\" title=\"\" data-src=\"https:\/\/rea.hopital-foch.com\/wp-content\/uploads\/2018\/07\/julien-senay.jpg\" \/>\n\n\t\t\t\t\t<div class=\"ms-info\"><h3 style=\"text-align: center;\"><strong>Julien SENAY<\/strong><\/h3><div style=\"text-align: center;\">Infirmier Coordinateur<\/div><\/div>\n\n\n\t<div class=\"ms-thumb\" ><div class=\"ms-tab-context\"><div class=&quot;ms-tab-context&quot;><\/div><\/div>\n<\/div>\n\t\t\t\t<\/div>\n\t\t\t\t<div  class=\"ms-slide\" data-delay=\"3\" data-fill-mode=\"fill\"  >\n\t\t\t\t\t<img src=\"https:\/\/rea.hopital-foch.com\/wp-content\/plugins\/master-slider\/public\/assets\/css\/blank.gif\" alt=\"\" title=\"\" data-src=\"https:\/\/rea.hopital-foch.com\/wp-content\/uploads\/2018\/06\/binaryProcessing-1.jpg\" \/>\n\n\t\t\t\t\t<div class=\"ms-info\"><h3 style=\"text-align: center;\"><strong>C\u00e9cile ANDRE<\/strong><\/h3><div style=\"text-align: center;\">Infirmi\u00e8re Coordinatrice<\/div><\/div>\n\n\n\t<div class=\"ms-thumb\" ><div class=\"ms-tab-context\"><div class=&quot;ms-tab-context&quot;><\/div><\/div>\n<\/div>\n\t\t\t\t<\/div>\n\t\t\t\t<div  class=\"ms-slide\" data-delay=\"3\" data-fill-mode=\"fill\"  >\n\t\t\t\t\t<img src=\"https:\/\/rea.hopital-foch.com\/wp-content\/plugins\/master-slider\/public\/assets\/css\/blank.gif\" alt=\"\" title=\"\" data-src=\"https:\/\/rea.hopital-foch.com\/wp-content\/uploads\/2018\/07\/BG2A0388.jpg\" \/>\n\n\t\t\t\t\t<div class=\"ms-info\"><h3 style=\"text-align: center;\"><strong>Aliz\u00e9e BORINAN<\/strong><\/h3><div style=\"text-align: center;\">Infirmi\u00e8re Coordinatrice<\/div><\/div>\n\n\n\t<div class=\"ms-thumb\" ><div class=\"ms-tab-context\"><div class=&quot;ms-tab-context&quot;><\/div><\/div>\n<\/div>\n\t\t\t\t<\/div>\n\n\t\t\t<\/div>\n\t\t\t<!-- END MasterSlider Main -->\n\n\t\t\t \n\t\t<\/div>\n\t\t<!-- END MasterSlider -->\n\n\t\t<script>\n\t\t(function ( $ ) {\n\t\t\t\"use strict\";\n\n\t\t\t$(function () {\n\t\t\t\tvar masterslider_8e03 = new MasterSlider();\n\n\t\t\t\t\/\/ slider controls\n\t\t\t\tmasterslider_8e03.control('arrows'     ,{ autohide:true, overVideo:true  });\n\t\t\t\tmasterslider_8e03.control('slideinfo'  ,{ autohide:false, overVideo:true, dir:'h', align:'bottom',inset:false , margin:10   });\n\t\t\t\t\/\/ slider setup\n\t\t\t\tmasterslider_8e03.setup(\"MS6a007db648e03\", {\n\t\t\t\t\t\twidth           : 240,\n\t\t\t\t\t\theight          : 240,\n\t\t\t\t\t\tminHeight       : 0,\n\t\t\t\t\t\tspace           : 35,\n\t\t\t\t\t\tstart           : 1,\n\t\t\t\t\t\tgrabCursor      : true,\n\t\t\t\t\t\tswipe           : true,\n\t\t\t\t\t\tmouse           : true,\n\t\t\t\t\t\tlayout          : \"partialview\",\n\t\t\t\t\t\twheel           : false,\n\t\t\t\t\t\tautoplay        : false,\n\t\t\t\t\t\tinstantStartLayers:false,\n\t\t\t\t\t\tloop            : true,\n\t\t\t\t\t\tshuffle         : false,\n\t\t\t\t\t\tpreload         : 4,\n\t\t\t\t\t\theightLimit     : true,\n\t\t\t\t\t\tautoHeight      : false,\n\t\t\t\t\t\tsmoothHeight    : true,\n\t\t\t\t\t\tendPause        : false,\n\t\t\t\t\t\toverPause       : true,\n\t\t\t\t\t\tfillMode        : \"fill\",\n\t\t\t\t\t\tcenterControls  : true,\n\t\t\t\t\t\tstartOnAppear   : false,\n\t\t\t\t\t\tlayersMode      : \"center\",\n\t\t\t\t\t\thideLayers      : false,\n\t\t\t\t\t\tfullscreenMargin: 0,\n\t\t\t\t\t\tspeed           : 20,\n\t\t\t\t\t\tdir             : \"h\",\nviewOption      : { centerSpace:1.6 },\n\t\t\t\t\t\tparallaxMode    : 'swipe',\n\t\t\t\t\t\tview            : \"focus\"\n\t\t\t\t});\n\n\t\t\t\t\n\t\t\t\twindow.masterslider_instances = window.masterslider_instances || [];\n\t\t\t\twindow.masterslider_instances.push( masterslider_8e03 );\n\t\t\t });\n\n\t\t})(jQuery);\n\t\t<\/script>\n\n[\/vc_column_text][vc_empty_space][\/vc_column][\/vc_row]<\/p>\n","protected":false},"excerpt":{"rendered":"<p>[vc_row][vc_column][vc_column_text] Le service de R\u00e9animation Polyvalente de l\u2019h\u00f4pital Foch est situ\u00e9 au niveau -1 du b\u00e2timent M. Il comporte 14 lits de R\u00e9animation et 8 lits de Surveillance Continue Polyvalente et Soins Intensifs Neurochirurgicaux. [\/vc_column_text][\/vc_column][\/vc_row][vc_row gap=\u00a0\u00bb20&Prime;][vc_column width=\u00a0\u00bb1\/2&Prime;][vc_column_text] Les missions de soins principales du service sont\u00a0: R\u00e9pondre aux demandes des services cliniques de l\u2019h\u00f4pital, y compris [&hellip;]<\/p>\n","protected":false},"author":87,"featured_media":796,"parent":0,"menu_order":0,"comment_status":"closed","ping_status":"closed","template":"","meta":[],"_links":{"self":[{"href":"https:\/\/rea.hopital-foch.com\/index.php?rest_route=\/wp\/v2\/pages\/42"}],"collection":[{"href":"https:\/\/rea.hopital-foch.com\/index.php?rest_route=\/wp\/v2\/pages"}],"about":[{"href":"https:\/\/rea.hopital-foch.com\/index.php?rest_route=\/wp\/v2\/types\/page"}],"author":[{"embeddable":true,"href":"https:\/\/rea.hopital-foch.com\/index.php?rest_route=\/wp\/v2\/users\/87"}],"replies":[{"embeddable":true,"href":"https:\/\/rea.hopital-foch.com\/index.php?rest_route=%2Fwp%2Fv2%2Fcomments&post=42"}],"version-history":[{"count":5,"href":"https:\/\/rea.hopital-foch.com\/index.php?rest_route=\/wp\/v2\/pages\/42\/revisions"}],"predecessor-version":[{"id":2726,"href":"https:\/\/rea.hopital-foch.com\/index.php?rest_route=\/wp\/v2\/pages\/42\/revisions\/2726"}],"wp:featuredmedia":[{"embeddable":true,"href":"https:\/\/rea.hopital-foch.com\/index.php?rest_route=\/wp\/v2\/media\/796"}],"wp:attachment":[{"href":"https:\/\/rea.hopital-foch.com\/index.php?rest_route=%2Fwp%2Fv2%2Fmedia&parent=42"}],"curies":[{"name":"wp","href":"https:\/\/api.w.org\/{rel}","templated":true}]}}