{"id":48,"date":"2016-02-10T09:58:46","date_gmt":"2016-02-10T08:58:46","guid":{"rendered":"http:\/\/anesthesie-foch.org\/?page_id=48"},"modified":"2019-01-21T15:40:59","modified_gmt":"2019-01-21T14:40:59","slug":"contactez-nous","status":"publish","type":"page","link":"https:\/\/rea.hopital-foch.com\/?page_id=48","title":{"rendered":"Contactez-Nous"},"content":{"rendered":"<p>[vc_row][vc_column][vc_column_text]<\/p>\n<h4>Standard H\u00f4pital Foch : 01 46 25 20 20<\/h4>\n<h4>Accueil\u00a0R\u00e9animation : 01 46 25 23 16<\/h4>\n<h4>Secr\u00e9tariat R\u00e9animation : 01 46 25 23 59<\/h4>\n<h4>Pour nous joindre par courriel \u00a0:\u00a0\u00a0\u00a0 <a href=\"mailto:secretariat.rea@hopital-foch.com\" target=\"_blank\" rel=\"noopener\">secretariat.rea@hopital-foch.com<\/a><\/h4>\n<p>[\/vc_column_text][\/vc_column][\/vc_row]<\/p>\n","protected":false},"excerpt":{"rendered":"<p>[vc_row][vc_column][vc_column_text] Standard H\u00f4pital Foch : 01 46 25 20 20 Accueil\u00a0R\u00e9animation : 01 46 25 23 16 Secr\u00e9tariat R\u00e9animation : 01 46 25 23 59 Pour nous joindre par courriel \u00a0:\u00a0\u00a0\u00a0 secretariat.rea@hopital-foch.com [\/vc_column_text][\/vc_column][\/vc_row]<\/p>\n","protected":false},"author":87,"featured_media":974,"parent":0,"menu_order":0,"comment_status":"closed","ping_status":"closed","template":"","meta":[],"_links":{"self":[{"href":"https:\/\/rea.hopital-foch.com\/index.php?rest_route=\/wp\/v2\/pages\/48"}],"collection":[{"href":"https:\/\/rea.hopital-foch.com\/index.php?rest_route=\/wp\/v2\/pages"}],"about":[{"href":"https:\/\/rea.hopital-foch.com\/index.php?rest_route=\/wp\/v2\/types\/page"}],"author":[{"embeddable":true,"href":"https:\/\/rea.hopital-foch.com\/index.php?rest_route=\/wp\/v2\/users\/87"}],"replies":[{"embeddable":true,"href":"https:\/\/rea.hopital-foch.com\/index.php?rest_route=%2Fwp%2Fv2%2Fcomments&post=48"}],"version-history":[{"count":5,"href":"https:\/\/rea.hopital-foch.com\/index.php?rest_route=\/wp\/v2\/pages\/48\/revisions"}],"predecessor-version":[{"id":2339,"href":"https:\/\/rea.hopital-foch.com\/index.php?rest_route=\/wp\/v2\/pages\/48\/revisions\/2339"}],"wp:featuredmedia":[{"embeddable":true,"href":"https:\/\/rea.hopital-foch.com\/index.php?rest_route=\/wp\/v2\/media\/974"}],"wp:attachment":[{"href":"https:\/\/rea.hopital-foch.com\/index.php?rest_route=%2Fwp%2Fv2%2Fmedia&parent=48"}],"curies":[{"name":"wp","href":"https:\/\/api.w.org\/{rel}","templated":true}]}}