{"id":996,"date":"2016-09-27T08:28:33","date_gmt":"2016-09-27T07:28:33","guid":{"rendered":"http:\/\/reanimation-hopital-foch.comm-des-entrepreneurs.com\/?page_id=996"},"modified":"2020-09-17T16:10:50","modified_gmt":"2020-09-17T15:10:50","slug":"espace-pro","status":"publish","type":"page","link":"https:\/\/rea.hopital-foch.com\/?page_id=996","title":{"rendered":"Professionnels sant\u00e9"},"content":{"rendered":"<p>[vc_row][vc_column width=\u00a0\u00bb1\/2&Prime;][vc_single_image image=\u00a0\u00bb1001&Prime; add_caption=\u00a0\u00bbyes\u00a0\u00bb alignment=\u00a0\u00bbcenter\u00a0\u00bb style=\u00a0\u00bbvc_box_circle\u00a0\u00bb onclick=\u00a0\u00bbcustom_link\u00a0\u00bb link=\u00a0\u00bbhttps:\/\/rea.hopital-foch.com\/?page_id=163&Prime;][vc_column_text]<\/p>\n<p style=\"text-align: center;\"><strong>Vous \u00eates infirmier ou aide soignant ?<\/strong><\/p>\n<p>[\/vc_column_text][\/vc_column][vc_column width=\u00a0\u00bb1\/2&Prime;][vc_single_image image=\u00a0\u00bb1000&Prime; add_caption=\u00a0\u00bbyes\u00a0\u00bb alignment=\u00a0\u00bbcenter\u00a0\u00bb style=\u00a0\u00bbvc_box_circle\u00a0\u00bb onclick=\u00a0\u00bbcustom_link\u00a0\u00bb link=\u00a0\u00bbhttps:\/\/rea.hopital-foch.com\/?page_id=165&Prime;][vc_column_text]<\/p>\n<p style=\"text-align: center;\"><strong>Espace Priv\u00e9 r\u00e9serv\u00e9 au service<\/strong><\/p>\n<p>[\/vc_column_text][\/vc_column][\/vc_row]<\/p>\n","protected":false},"excerpt":{"rendered":"<p>[vc_row][vc_column width=\u00a0\u00bb1\/2&Prime;][vc_single_image image=\u00a0\u00bb1001&Prime; add_caption=\u00a0\u00bbyes\u00a0\u00bb alignment=\u00a0\u00bbcenter\u00a0\u00bb style=\u00a0\u00bbvc_box_circle\u00a0\u00bb onclick=\u00a0\u00bbcustom_link\u00a0\u00bb link=\u00a0\u00bbhttps:\/\/rea.hopital-foch.com\/?page_id=163&Prime;][vc_column_text] Vous \u00eates infirmier ou aide soignant ? [\/vc_column_text][\/vc_column][vc_column width=\u00a0\u00bb1\/2&Prime;][vc_single_image image=\u00a0\u00bb1000&Prime; add_caption=\u00a0\u00bbyes\u00a0\u00bb alignment=\u00a0\u00bbcenter\u00a0\u00bb style=\u00a0\u00bbvc_box_circle\u00a0\u00bb onclick=\u00a0\u00bbcustom_link\u00a0\u00bb link=\u00a0\u00bbhttps:\/\/rea.hopital-foch.com\/?page_id=165&Prime;][vc_column_text] Espace Priv\u00e9 r\u00e9serv\u00e9 au service [\/vc_column_text][\/vc_column][\/vc_row]<\/p>\n","protected":false},"author":87,"featured_media":974,"parent":0,"menu_order":0,"comment_status":"closed","ping_status":"closed","template":"","meta":[],"_links":{"self":[{"href":"https:\/\/rea.hopital-foch.com\/index.php?rest_route=\/wp\/v2\/pages\/996"}],"collection":[{"href":"https:\/\/rea.hopital-foch.com\/index.php?rest_route=\/wp\/v2\/pages"}],"about":[{"href":"https:\/\/rea.hopital-foch.com\/index.php?rest_route=\/wp\/v2\/types\/page"}],"author":[{"embeddable":true,"href":"https:\/\/rea.hopital-foch.com\/index.php?rest_route=\/wp\/v2\/users\/87"}],"replies":[{"embeddable":true,"href":"https:\/\/rea.hopital-foch.com\/index.php?rest_route=%2Fwp%2Fv2%2Fcomments&post=996"}],"version-history":[{"count":5,"href":"https:\/\/rea.hopital-foch.com\/index.php?rest_route=\/wp\/v2\/pages\/996\/revisions"}],"predecessor-version":[{"id":3019,"href":"https:\/\/rea.hopital-foch.com\/index.php?rest_route=\/wp\/v2\/pages\/996\/revisions\/3019"}],"wp:featuredmedia":[{"embeddable":true,"href":"https:\/\/rea.hopital-foch.com\/index.php?rest_route=\/wp\/v2\/media\/974"}],"wp:attachment":[{"href":"https:\/\/rea.hopital-foch.com\/index.php?rest_route=%2Fwp%2Fv2%2Fmedia&parent=996"}],"curies":[{"name":"wp","href":"https:\/\/api.w.org\/{rel}","templated":true}]}}